{"id":97,"date":"2015-09-14T11:37:18","date_gmt":"2015-09-14T09:37:18","guid":{"rendered":"http:\/\/www.colditz-kosmetik.de\/wp\/?page_id=97"},"modified":"2015-10-05T17:13:15","modified_gmt":"2015-10-05T15:13:15","slug":"regenerationsbehandlung","status":"publish","type":"page","link":"http:\/\/www.colditz-kosmetik.de\/?page_id=97","title":{"rendered":"Regenerations &#8211; Behandlung"},"content":{"rendered":"<p><strong>Pflegeluxus f\u00fcr h\u00f6chste Anspr\u00fcche<\/strong><\/p>\n<hr \/>\n<p>&nbsp;<\/p>\n<ul>\n<li>Hautdiagnose<\/li>\n<li>Milde Reinigung und sanftes Peeling von Gesicht, Hals und Decollet\u00e9<\/li>\n<li>Aromabedampfung<\/li>\n<li>Entfernen von Hautunreinheiten<\/li>\n<li>Augenbrauenkorrektur<\/li>\n<li>Spezial \u2013 Tiefenpflege (Ampullen, Liposome)<\/li>\n<li>Verw\u00f6hn Massage, auf Wunsch mit Nackenmassage<\/li>\n<\/ul>\n<p>&nbsp;<\/p>\n<hr \/>\n","protected":false},"excerpt":{"rendered":"<p>Pflegeluxus f\u00fcr h\u00f6chste Anspr\u00fcche &nbsp; Hautdiagnose Milde Reinigung und sanftes Peeling von Gesicht, Hals und Decollet\u00e9 Aromabedampfung Entfernen von Hautunreinheiten Augenbrauenkorrektur Spezial \u2013 Tiefenpflege (Ampullen, Liposome) Verw\u00f6hn Massage, auf Wunsch mit Nackenmassage &nbsp;<\/p>\n","protected":false},"author":1,"featured_media":0,"parent":2,"menu_order":5,"comment_status":"closed","ping_status":"closed","template":"","meta":{"footnotes":""},"class_list":["post-97","page","type-page","status-publish","hentry"],"_links":{"self":[{"href":"http:\/\/www.colditz-kosmetik.de\/index.php?rest_route=\/wp\/v2\/pages\/97","targetHints":{"allow":["GET"]}}],"collection":[{"href":"http:\/\/www.colditz-kosmetik.de\/index.php?rest_route=\/wp\/v2\/pages"}],"about":[{"href":"http:\/\/www.colditz-kosmetik.de\/index.php?rest_route=\/wp\/v2\/types\/page"}],"author":[{"embeddable":true,"href":"http:\/\/www.colditz-kosmetik.de\/index.php?rest_route=\/wp\/v2\/users\/1"}],"replies":[{"embeddable":true,"href":"http:\/\/www.colditz-kosmetik.de\/index.php?rest_route=%2Fwp%2Fv2%2Fcomments&post=97"}],"version-history":[{"count":9,"href":"http:\/\/www.colditz-kosmetik.de\/index.php?rest_route=\/wp\/v2\/pages\/97\/revisions"}],"predecessor-version":[{"id":348,"href":"http:\/\/www.colditz-kosmetik.de\/index.php?rest_route=\/wp\/v2\/pages\/97\/revisions\/348"}],"up":[{"embeddable":true,"href":"http:\/\/www.colditz-kosmetik.de\/index.php?rest_route=\/wp\/v2\/pages\/2"}],"wp:attachment":[{"href":"http:\/\/www.colditz-kosmetik.de\/index.php?rest_route=%2Fwp%2Fv2%2Fmedia&parent=97"}],"curies":[{"name":"wp","href":"https:\/\/api.w.org\/{rel}","templated":true}]}}