{"id":90,"date":"2015-09-14T11:33:17","date_gmt":"2015-09-14T09:33:17","guid":{"rendered":"http:\/\/www.colditz-kosmetik.de\/wp\/?page_id=90"},"modified":"2015-10-05T17:08:59","modified_gmt":"2015-10-05T15:08:59","slug":"hautdiagnose","status":"publish","type":"page","link":"http:\/\/www.colditz-kosmetik.de\/?page_id=90","title":{"rendered":"Kosmetik &#8211; und Hautpflegeberatung"},"content":{"rendered":"<p><strong>F\u00fcr Kunden, die eine perfekte Heimpflege m\u00f6chten,<\/strong><\/p>\n<p><strong>aber keine regelm\u00e4\u00dfige Behandlung w\u00fcnschen.<\/strong><\/p>\n<hr \/>\n<p>&nbsp;<\/p>\n<ul>\n<li>Hautdiagnose,<\/li>\n<li>Erl\u00e4uterung der kosmetischen Inhaltsstoffe, um festzustellen,<br \/>\nob die von Ihnen momentan verwendeten Produkte geeignet\u00a0sind,<br \/>\nIhren Erwartungen zu entsprechen.<\/li>\n<\/ul>\n","protected":false},"excerpt":{"rendered":"<p>F\u00fcr Kunden, die eine perfekte Heimpflege m\u00f6chten, aber keine regelm\u00e4\u00dfige Behandlung w\u00fcnschen. &nbsp; Hautdiagnose, Erl\u00e4uterung der kosmetischen Inhaltsstoffe, um festzustellen, ob die von Ihnen momentan verwendeten Produkte geeignet\u00a0sind, Ihren Erwartungen zu entsprechen.<\/p>\n","protected":false},"author":1,"featured_media":0,"parent":2,"menu_order":2,"comment_status":"closed","ping_status":"closed","template":"","meta":{"footnotes":""},"class_list":["post-90","page","type-page","status-publish","hentry"],"_links":{"self":[{"href":"http:\/\/www.colditz-kosmetik.de\/index.php?rest_route=\/wp\/v2\/pages\/90","targetHints":{"allow":["GET"]}}],"collection":[{"href":"http:\/\/www.colditz-kosmetik.de\/index.php?rest_route=\/wp\/v2\/pages"}],"about":[{"href":"http:\/\/www.colditz-kosmetik.de\/index.php?rest_route=\/wp\/v2\/types\/page"}],"author":[{"embeddable":true,"href":"http:\/\/www.colditz-kosmetik.de\/index.php?rest_route=\/wp\/v2\/users\/1"}],"replies":[{"embeddable":true,"href":"http:\/\/www.colditz-kosmetik.de\/index.php?rest_route=%2Fwp%2Fv2%2Fcomments&post=90"}],"version-history":[{"count":16,"href":"http:\/\/www.colditz-kosmetik.de\/index.php?rest_route=\/wp\/v2\/pages\/90\/revisions"}],"predecessor-version":[{"id":346,"href":"http:\/\/www.colditz-kosmetik.de\/index.php?rest_route=\/wp\/v2\/pages\/90\/revisions\/346"}],"up":[{"embeddable":true,"href":"http:\/\/www.colditz-kosmetik.de\/index.php?rest_route=\/wp\/v2\/pages\/2"}],"wp:attachment":[{"href":"http:\/\/www.colditz-kosmetik.de\/index.php?rest_route=%2Fwp%2Fv2%2Fmedia&parent=90"}],"curies":[{"name":"wp","href":"https:\/\/api.w.org\/{rel}","templated":true}]}}