{"id":87,"date":"2015-09-14T10:58:10","date_gmt":"2015-09-14T08:58:10","guid":{"rendered":"http:\/\/www.colditz-kosmetik.de\/wp\/?page_id=87"},"modified":"2015-10-02T00:22:22","modified_gmt":"2015-10-01T22:22:22","slug":"kosmetik-und-hautpflegeberatung","status":"publish","type":"page","link":"http:\/\/www.colditz-kosmetik.de\/?page_id=87","title":{"rendered":"Gesichtsbehandlungen"},"content":{"rendered":"<p>Bitte w\u00e4hlen Sie den gew\u00fcnschten Bereich im Men\u00fc oben oder seitlich aus<\/p>\n<hr \/>\n<p>&nbsp;<\/p>\n","protected":false},"excerpt":{"rendered":"<p>Bitte w\u00e4hlen Sie den gew\u00fcnschten Bereich im Men\u00fc oben oder seitlich aus &nbsp;<\/p>\n","protected":false},"author":1,"featured_media":0,"parent":2,"menu_order":1,"comment_status":"closed","ping_status":"closed","template":"","meta":{"footnotes":""},"class_list":["post-87","page","type-page","status-publish","hentry"],"_links":{"self":[{"href":"http:\/\/www.colditz-kosmetik.de\/index.php?rest_route=\/wp\/v2\/pages\/87","targetHints":{"allow":["GET"]}}],"collection":[{"href":"http:\/\/www.colditz-kosmetik.de\/index.php?rest_route=\/wp\/v2\/pages"}],"about":[{"href":"http:\/\/www.colditz-kosmetik.de\/index.php?rest_route=\/wp\/v2\/types\/page"}],"author":[{"embeddable":true,"href":"http:\/\/www.colditz-kosmetik.de\/index.php?rest_route=\/wp\/v2\/users\/1"}],"replies":[{"embeddable":true,"href":"http:\/\/www.colditz-kosmetik.de\/index.php?rest_route=%2Fwp%2Fv2%2Fcomments&post=87"}],"version-history":[{"count":4,"href":"http:\/\/www.colditz-kosmetik.de\/index.php?rest_route=\/wp\/v2\/pages\/87\/revisions"}],"predecessor-version":[{"id":260,"href":"http:\/\/www.colditz-kosmetik.de\/index.php?rest_route=\/wp\/v2\/pages\/87\/revisions\/260"}],"up":[{"embeddable":true,"href":"http:\/\/www.colditz-kosmetik.de\/index.php?rest_route=\/wp\/v2\/pages\/2"}],"wp:attachment":[{"href":"http:\/\/www.colditz-kosmetik.de\/index.php?rest_route=%2Fwp%2Fv2%2Fmedia&parent=87"}],"curies":[{"name":"wp","href":"https:\/\/api.w.org\/{rel}","templated":true}]}}