{"id":2,"date":"2015-09-08T11:01:51","date_gmt":"2015-09-08T09:01:51","guid":{"rendered":"http:\/\/www.colditz-kosmetik.de\/wp\/?page_id=2"},"modified":"2015-10-04T18:03:06","modified_gmt":"2015-10-04T16:03:06","slug":"beispiel-seite","status":"publish","type":"page","link":"http:\/\/www.colditz-kosmetik.de\/?page_id=2","title":{"rendered":"Leistungen"},"content":{"rendered":"<p>Alle Leistungen auf einen Blick &#8211;\u00a0Ihr Weg zu einer sch\u00f6neren Haut<\/p>\n<p>Bitte  w\u00e4hlen Sie  aus  unserem Men\u00fc  links  Ihre Behandlung aus.<\/p>\n<p>&nbsp;<\/p>\n","protected":false},"excerpt":{"rendered":"<p>Alle Leistungen auf einen Blick &#8211;\u00a0Ihr Weg zu einer sch\u00f6neren Haut Bitte w\u00e4hlen Sie aus unserem Men\u00fc links Ihre Behandlung aus. &nbsp;<\/p>\n","protected":false},"author":1,"featured_media":0,"parent":0,"menu_order":2,"comment_status":"open","ping_status":"open","template":"","meta":{"footnotes":""},"class_list":["post-2","page","type-page","status-publish","hentry"],"_links":{"self":[{"href":"http:\/\/www.colditz-kosmetik.de\/index.php?rest_route=\/wp\/v2\/pages\/2","targetHints":{"allow":["GET"]}}],"collection":[{"href":"http:\/\/www.colditz-kosmetik.de\/index.php?rest_route=\/wp\/v2\/pages"}],"about":[{"href":"http:\/\/www.colditz-kosmetik.de\/index.php?rest_route=\/wp\/v2\/types\/page"}],"author":[{"embeddable":true,"href":"http:\/\/www.colditz-kosmetik.de\/index.php?rest_route=\/wp\/v2\/users\/1"}],"replies":[{"embeddable":true,"href":"http:\/\/www.colditz-kosmetik.de\/index.php?rest_route=%2Fwp%2Fv2%2Fcomments&post=2"}],"version-history":[{"count":8,"href":"http:\/\/www.colditz-kosmetik.de\/index.php?rest_route=\/wp\/v2\/pages\/2\/revisions"}],"predecessor-version":[{"id":304,"href":"http:\/\/www.colditz-kosmetik.de\/index.php?rest_route=\/wp\/v2\/pages\/2\/revisions\/304"}],"wp:attachment":[{"href":"http:\/\/www.colditz-kosmetik.de\/index.php?rest_route=%2Fwp%2Fv2%2Fmedia&parent=2"}],"curies":[{"name":"wp","href":"https:\/\/api.w.org\/{rel}","templated":true}]}}