{"id":164,"date":"2015-09-17T21:26:18","date_gmt":"2015-09-17T19:26:18","guid":{"rendered":"http:\/\/www.colditz-kosmetik.de\/wp\/?page_id=164"},"modified":"2018-05-02T00:25:12","modified_gmt":"2018-05-01T22:25:12","slug":"kosmetikstudio","status":"publish","type":"page","link":"http:\/\/www.colditz-kosmetik.de\/?page_id=164","title":{"rendered":"Kosmetikstudio"},"content":{"rendered":"<ul style=\"list-style-type: square;\">\n<li><span>In meinem Kosmetikstudio werden Sie ausschlie\u00dflich mit gesunden und hervorragend hautvertr\u00e4glichen Pflegeprodukten,<br \/>\nfrei von bedenklichen Inhaltsstoffen, verw\u00f6hnt.<\/span><\/li>\n<\/ul>\n<style type=\"text\/css\">\n#foogallery-gallery-464 .fg-image { width: 200px; }\n#foogallery-gallery-464 { --fg-gutter: 10px; }<\/style>\n\t\t\t<div class=\"foogallery foogallery-container foogallery-default foogallery-lightbox-foobox fg-center fg-default fg-ready fg-light fg-border-thin fg-round-small fg-shadow-outline fg-shadow-inset-small fg-loading-default fg-loaded-fade-in fg-hover-scale fg-caption-hover fg-hover-fade fg-hover-zoom\" id=\"foogallery-gallery-464\" data-foogallery=\"{&quot;item&quot;:{&quot;showCaptionTitle&quot;:true,&quot;showCaptionDescription&quot;:true},&quot;lazy&quot;:true}\" style=\"--fg-title-line-clamp: 0; --fg-description-line-clamp: 0;\" >\n\t<div class=\"fg-item fg-type-image fg-idle\"><figure class=\"fg-item-inner\"><a href=\"http:\/\/www.colditz-kosmetik.de\/wp\/wp-content\/uploads\/2018\/05\/DSC00476-e1525208513102.jpg\" data-caption-title=\"Aussenansicht\" data-caption-desc=\"Colditz-Kosmetik\" data-attachment-id=\"456\" data-type=\"image\" class=\"fg-thumb\"><span class=\"fg-image-wrap\"><img decoding=\"async\" alt=\"Aussenansicht\" title=\"Aussenansicht\" width=\"200\" height=\"200\" class=\"skip-lazy fg-image\" data-src-fg=\"http:\/\/www.colditz-kosmetik.de\/wp\/wp-content\/uploads\/cache\/2018\/05\/DSC00476-e1525208513102\/2449876334.jpg\" src=\"data:image\/svg+xml,%3Csvg%20xmlns%3D%22http%3A%2F%2Fwww.w3.org%2F2000%2Fsvg%22%20width%3D%22200%22%20height%3D%22200%22%20viewBox%3D%220%200%20200%20200%22%3E%3C%2Fsvg%3E\" loading=\"eager\"><\/span><span class=\"fg-image-overlay\"><\/span><\/a><figcaption class=\"fg-caption\"><div class=\"fg-caption-inner\"><div class=\"fg-caption-title\">Aussenansicht<\/div><div class=\"fg-caption-desc\">Colditz-Kosmetik<\/div><\/div><\/figcaption><\/figure><div class=\"fg-loader\"><\/div><\/div><div class=\"fg-item fg-type-image fg-idle\"><figure class=\"fg-item-inner\"><a href=\"http:\/\/www.colditz-kosmetik.de\/wp\/wp-content\/uploads\/2018\/05\/DSC00471.jpg\" data-caption-title=\"Empfangsbereich mit Wartezone\" data-caption-desc=\"Colditz-Kosmetik\" data-attachment-id=\"455\" data-type=\"image\" class=\"fg-thumb\"><span class=\"fg-image-wrap\"><img decoding=\"async\" alt=\"Empfangsbereich mit Wartezone\" title=\"Empfangsbereich mit Wartezone\" width=\"200\" height=\"200\" class=\"skip-lazy fg-image\" data-src-fg=\"http:\/\/www.colditz-kosmetik.de\/wp\/wp-content\/uploads\/cache\/2018\/05\/DSC00471\/1494850204.jpg\" src=\"data:image\/svg+xml,%3Csvg%20xmlns%3D%22http%3A%2F%2Fwww.w3.org%2F2000%2Fsvg%22%20width%3D%22200%22%20height%3D%22200%22%20viewBox%3D%220%200%20200%20200%22%3E%3C%2Fsvg%3E\" loading=\"eager\"><\/span><span class=\"fg-image-overlay\"><\/span><\/a><figcaption class=\"fg-caption\"><div class=\"fg-caption-inner\"><div class=\"fg-caption-title\">Empfangsbereich mit Wartezone<\/div><div class=\"fg-caption-desc\">Colditz-Kosmetik<\/div><\/div><\/figcaption><\/figure><div class=\"fg-loader\"><\/div><\/div><div class=\"fg-item fg-type-image fg-idle\"><figure class=\"fg-item-inner\"><a href=\"http:\/\/www.colditz-kosmetik.de\/wp\/wp-content\/uploads\/2018\/05\/DSC00436-e1525382971184.jpg\" data-caption-title=\"Terminvergabe\" data-caption-desc=\"Colditz-Kosmetik\" data-attachment-id=\"527\" data-type=\"image\" class=\"fg-thumb\"><span class=\"fg-image-wrap\"><img decoding=\"async\" alt=\"Terminvergabe\" title=\"Terminvergabe\" width=\"200\" height=\"200\" class=\"skip-lazy fg-image\" data-src-fg=\"http:\/\/www.colditz-kosmetik.de\/wp\/wp-content\/uploads\/cache\/2018\/05\/DSC00436-e1525382971184\/3944601637.jpg\" src=\"data:image\/svg+xml,%3Csvg%20xmlns%3D%22http%3A%2F%2Fwww.w3.org%2F2000%2Fsvg%22%20width%3D%22200%22%20height%3D%22200%22%20viewBox%3D%220%200%20200%20200%22%3E%3C%2Fsvg%3E\" loading=\"eager\"><\/span><span class=\"fg-image-overlay\"><\/span><\/a><figcaption class=\"fg-caption\"><div class=\"fg-caption-inner\"><div class=\"fg-caption-title\">Terminvergabe<\/div><div class=\"fg-caption-desc\">Colditz-Kosmetik<\/div><\/div><\/figcaption><\/figure><div class=\"fg-loader\"><\/div><\/div><div class=\"fg-item fg-type-image fg-idle\"><figure class=\"fg-item-inner\"><a href=\"http:\/\/www.colditz-kosmetik.de\/wp\/wp-content\/uploads\/2018\/05\/DSC00468.jpg\" data-caption-title=\"Behandlungsraum\" data-caption-desc=\"Colditz-Kosmetik\" data-attachment-id=\"457\" data-type=\"image\" class=\"fg-thumb\"><span class=\"fg-image-wrap\"><img decoding=\"async\" alt=\"Behandlungsraum\" title=\"Behandlungsraum\" width=\"200\" height=\"200\" class=\"skip-lazy fg-image\" data-src-fg=\"http:\/\/www.colditz-kosmetik.de\/wp\/wp-content\/uploads\/cache\/2018\/05\/DSC00468\/1644647490.jpg\" src=\"data:image\/svg+xml,%3Csvg%20xmlns%3D%22http%3A%2F%2Fwww.w3.org%2F2000%2Fsvg%22%20width%3D%22200%22%20height%3D%22200%22%20viewBox%3D%220%200%20200%20200%22%3E%3C%2Fsvg%3E\" loading=\"eager\"><\/span><span class=\"fg-image-overlay\"><\/span><\/a><figcaption class=\"fg-caption\"><div class=\"fg-caption-inner\"><div class=\"fg-caption-title\">Behandlungsraum<\/div><div class=\"fg-caption-desc\">Colditz-Kosmetik<\/div><\/div><\/figcaption><\/figure><div class=\"fg-loader\"><\/div><\/div><div class=\"fg-item fg-type-image fg-idle\"><figure class=\"fg-item-inner\"><a href=\"http:\/\/www.colditz-kosmetik.de\/wp\/wp-content\/uploads\/2018\/05\/DSC00441-e1525208564772.jpg\" data-caption-title=\"SkinIdent Tonic &amp;amp; Milk\" data-caption-desc=\"Colditz-Kosmetik\" data-attachment-id=\"460\" data-type=\"image\" class=\"fg-thumb\"><span class=\"fg-image-wrap\"><img decoding=\"async\" alt=\"SkinIdent Tonic &amp; Milk\" title=\"SkinIdent Tonic &amp; Milk\" width=\"200\" height=\"200\" class=\"skip-lazy fg-image\" data-src-fg=\"http:\/\/www.colditz-kosmetik.de\/wp\/wp-content\/uploads\/cache\/2018\/05\/DSC00441-e1525208564772\/239453028.jpg\" src=\"data:image\/svg+xml,%3Csvg%20xmlns%3D%22http%3A%2F%2Fwww.w3.org%2F2000%2Fsvg%22%20width%3D%22200%22%20height%3D%22200%22%20viewBox%3D%220%200%20200%20200%22%3E%3C%2Fsvg%3E\" loading=\"eager\"><\/span><span class=\"fg-image-overlay\"><\/span><\/a><figcaption class=\"fg-caption\"><div class=\"fg-caption-inner\"><div class=\"fg-caption-title\">SkinIdent Tonic &amp; Milk<\/div><div class=\"fg-caption-desc\">Colditz-Kosmetik<\/div><\/div><\/figcaption><\/figure><div class=\"fg-loader\"><\/div><\/div><div class=\"fg-item fg-type-image fg-idle\"><figure class=\"fg-item-inner\"><a href=\"http:\/\/www.colditz-kosmetik.de\/wp\/wp-content\/uploads\/2018\/05\/DSC00455-e1525212055933.jpg\" data-caption-title=\"Dr.Baumann Liposome Multi Active\" data-caption-desc=\"Colditz-Kosmetik\" data-attachment-id=\"484\" data-type=\"image\" class=\"fg-thumb\"><span class=\"fg-image-wrap\"><img decoding=\"async\" alt=\"Dr.Baumann Liposome Multi Active\" title=\"Dr.Baumann Liposome Multi Active\" width=\"200\" height=\"200\" class=\"skip-lazy fg-image\" data-src-fg=\"http:\/\/www.colditz-kosmetik.de\/wp\/wp-content\/uploads\/cache\/2018\/05\/DSC00455-e1525212055933\/39365417.jpg\" src=\"data:image\/svg+xml,%3Csvg%20xmlns%3D%22http%3A%2F%2Fwww.w3.org%2F2000%2Fsvg%22%20width%3D%22200%22%20height%3D%22200%22%20viewBox%3D%220%200%20200%20200%22%3E%3C%2Fsvg%3E\" loading=\"eager\"><\/span><span class=\"fg-image-overlay\"><\/span><\/a><figcaption class=\"fg-caption\"><div class=\"fg-caption-inner\"><div class=\"fg-caption-title\">Dr.Baumann Liposome Multi Active<\/div><div class=\"fg-caption-desc\">Colditz-Kosmetik<\/div><\/div><\/figcaption><\/figure><div class=\"fg-loader\"><\/div><\/div><\/div>\n\n","protected":false},"excerpt":{"rendered":"<p>In meinem Kosmetikstudio werden Sie ausschlie\u00dflich mit gesunden und hervorragend hautvertr\u00e4glichen Pflegeprodukten, frei von bedenklichen Inhaltsstoffen, verw\u00f6hnt.<\/p>\n","protected":false},"author":1,"featured_media":0,"parent":0,"menu_order":4,"comment_status":"closed","ping_status":"closed","template":"","meta":{"footnotes":""},"class_list":["post-164","page","type-page","status-publish","hentry"],"_links":{"self":[{"href":"http:\/\/www.colditz-kosmetik.de\/index.php?rest_route=\/wp\/v2\/pages\/164","targetHints":{"allow":["GET"]}}],"collection":[{"href":"http:\/\/www.colditz-kosmetik.de\/index.php?rest_route=\/wp\/v2\/pages"}],"about":[{"href":"http:\/\/www.colditz-kosmetik.de\/index.php?rest_route=\/wp\/v2\/types\/page"}],"author":[{"embeddable":true,"href":"http:\/\/www.colditz-kosmetik.de\/index.php?rest_route=\/wp\/v2\/users\/1"}],"replies":[{"embeddable":true,"href":"http:\/\/www.colditz-kosmetik.de\/index.php?rest_route=%2Fwp%2Fv2%2Fcomments&post=164"}],"version-history":[{"count":10,"href":"http:\/\/www.colditz-kosmetik.de\/index.php?rest_route=\/wp\/v2\/pages\/164\/revisions"}],"predecessor-version":[{"id":501,"href":"http:\/\/www.colditz-kosmetik.de\/index.php?rest_route=\/wp\/v2\/pages\/164\/revisions\/501"}],"wp:attachment":[{"href":"http:\/\/www.colditz-kosmetik.de\/index.php?rest_route=%2Fwp%2Fv2%2Fmedia&parent=164"}],"curies":[{"name":"wp","href":"https:\/\/api.w.org\/{rel}","templated":true}]}}