{"id":103,"date":"2015-09-14T11:40:51","date_gmt":"2015-09-14T09:40:51","guid":{"rendered":"http:\/\/www.colditz-kosmetik.de\/wp\/?page_id=103"},"modified":"2015-10-05T17:11:09","modified_gmt":"2015-10-05T15:11:09","slug":"algen-modellage","status":"publish","type":"page","link":"http:\/\/www.colditz-kosmetik.de\/?page_id=103","title":{"rendered":"Aknebehandlung f\u00fcr Sch\u00fcler &#038; Studenten"},"content":{"rendered":"<p><strong>Gesichtsbehandlung f\u00fcr junge Leute<\/strong><\/p>\n<hr \/>\n<ul>\n<li>Reinigung, Peeling<\/li>\n<li>Vapozon,\u00a0 entfernen von Hautunreinheiten<\/li>\n<li>Tagespflege<\/li>\n<\/ul>\n","protected":false},"excerpt":{"rendered":"<p>Gesichtsbehandlung f\u00fcr junge Leute Reinigung, Peeling Vapozon,\u00a0 entfernen von Hautunreinheiten Tagespflege<\/p>\n","protected":false},"author":1,"featured_media":0,"parent":2,"menu_order":8,"comment_status":"closed","ping_status":"closed","template":"","meta":{"footnotes":""},"class_list":["post-103","page","type-page","status-publish","hentry"],"_links":{"self":[{"href":"http:\/\/www.colditz-kosmetik.de\/index.php?rest_route=\/wp\/v2\/pages\/103","targetHints":{"allow":["GET"]}}],"collection":[{"href":"http:\/\/www.colditz-kosmetik.de\/index.php?rest_route=\/wp\/v2\/pages"}],"about":[{"href":"http:\/\/www.colditz-kosmetik.de\/index.php?rest_route=\/wp\/v2\/types\/page"}],"author":[{"embeddable":true,"href":"http:\/\/www.colditz-kosmetik.de\/index.php?rest_route=\/wp\/v2\/users\/1"}],"replies":[{"embeddable":true,"href":"http:\/\/www.colditz-kosmetik.de\/index.php?rest_route=%2Fwp%2Fv2%2Fcomments&post=103"}],"version-history":[{"count":9,"href":"http:\/\/www.colditz-kosmetik.de\/index.php?rest_route=\/wp\/v2\/pages\/103\/revisions"}],"predecessor-version":[{"id":347,"href":"http:\/\/www.colditz-kosmetik.de\/index.php?rest_route=\/wp\/v2\/pages\/103\/revisions\/347"}],"up":[{"embeddable":true,"href":"http:\/\/www.colditz-kosmetik.de\/index.php?rest_route=\/wp\/v2\/pages\/2"}],"wp:attachment":[{"href":"http:\/\/www.colditz-kosmetik.de\/index.php?rest_route=%2Fwp%2Fv2%2Fmedia&parent=103"}],"curies":[{"name":"wp","href":"https:\/\/api.w.org\/{rel}","templated":true}]}}