{"id":101,"date":"2015-09-14T11:39:47","date_gmt":"2015-09-14T09:39:47","guid":{"rendered":"http:\/\/www.colditz-kosmetik.de\/wp\/?page_id=101"},"modified":"2018-05-01T23:26:56","modified_gmt":"2018-05-01T21:26:56","slug":"anti-age-augenpackung","status":"publish","type":"page","link":"http:\/\/www.colditz-kosmetik.de\/?page_id=101","title":{"rendered":"Diamant Microdermabrasion &#038; Ultraschallbehandlung"},"content":{"rendered":"<p><strong>Diamant Microdermabrasion<\/strong><\/p>\n<hr \/>\n<p>ist die sanfte Abtragung der oberfl\u00e4chigen Hornzellen. Durch das<br \/>\nVakuum wird die Haut durchblutet und der Stoffwechsel gef\u00f6rdert<\/p>\n<p>Microdermabrasion wird erfolgreich eingesetzt bei:<\/p>\n<ul>\n<li>Verringerung der Faltentiefe<\/li>\n<li>Altershaut<\/li>\n<li>\u00dcberverhornung<\/li>\n<li>Lichtbedingter Hautalterung<\/li>\n<li>Unreiner und gro\u00dfporiger Haut<\/li>\n<li>Pigmentst\u00f6rungen<\/li>\n<li>Akne Narben<\/li>\n<\/ul>\n<p>Die Haut ist nach dieser Behandlung besonders aufnahmebereit f\u00fcr<br \/>\nentsprechende Wirkstoffkosmetik<\/p>\n<p>&nbsp;<\/p>\n<p><strong>Ultraschallbehandlung<br \/>\n<\/strong><\/p>\n<hr \/>\n<p>findet in kosmetischen und therapeutischen Bereichen eine immer<br \/>\ngr\u00f6\u00dfere Anwendung. Mit Frequenzen im Ultraschallbereich ist ein<br \/>\nvordringen in tiefere Hautschichten und somit eine<br \/>\nbessere Wirkstoffaufnahme m\u00f6glich.<\/p>\n<p>Ultraschall wird erfolgreich eingesetzt bei:<\/p>\n<ul>\n<li>Akne: der Lymphfluss wird angeregt, bei der Akne gest\u00f6rte<br \/>\npH Wert der Haut wird normalisiert<\/li>\n<li>M\u00fcde Haut:\u00a0die Durchblutung wird gesteigert,<br \/>\nKollagen-und Elastinbildung wird stimuliert,<\/li>\n<li>Falten:\u00a0\u00a0\u00a0\u00a0Trockenheitsfalten verschwinden,<br \/>\nMimikfalten k\u00f6nnen nicht beseitigt werden,<\/li>\n<li>Couperose, R\u00f6tungen oder erweiterte Gef\u00e4\u00dfe im Gesicht:<br \/>\nzur Beruhigung des Gewebes wird eine<br \/>\nWirkstoffbehandlung durchgef\u00fchrt.<span><\/span><span><span><br \/>\n<\/span><\/span><\/p>\n<hr \/>\n<p><span><br \/>\n<i class=\"fa fa-check-square-o  \" style=\"color: #000000;\"><\/i> <span style=\"color: #ff0000;\">Jetzt NEU:<\/span><br \/>\n<\/span><\/li>\n<li><span><span style=\"text-decoration: underline;\">Ultraschall f\u00fcr sch\u00f6ne \u00a0Oberarme<\/span><br \/>\n<\/span><span><\/span><span><br \/>\nUltraschall mit Wirkstoffkonzentrat &#8211; die Haut gewinnt neue Festigkeit,<br \/>\nwirkt straff und aufgepolstert<\/span><\/li>\n<li><span><span style=\"text-decoration: underline;\">Ultraschall f\u00fcr sch\u00f6ne Beine &amp; Po\u00a0mit intensiven Wirkstoffen:<\/span>\n<p><\/span><span>Der Stoffwechsel und die Lymphe werden angeregt ,<br \/>\nf\u00fcr ein ebenm\u00e4\u00dfiges Hautbild.<br \/>\n<\/span><\/p>\n<hr \/>\n<\/li>\n<\/ul>\n","protected":false},"excerpt":{"rendered":"<p>Diamant Microdermabrasion ist die sanfte Abtragung der oberfl\u00e4chigen Hornzellen. Durch das Vakuum wird die Haut durchblutet und der Stoffwechsel gef\u00f6rdert Microdermabrasion wird erfolgreich eingesetzt bei: Verringerung der Faltentiefe Altershaut \u00dcberverhornung Lichtbedingter Hautalterung Unreiner und gro\u00dfporiger Haut Pigmentst\u00f6rungen Akne Narben Die Haut ist nach dieser Behandlung besonders aufnahmebereit f\u00fcr entsprechende Wirkstoffkosmetik &nbsp; Ultraschallbehandlung findet in kosmetischen [&hellip;]<\/p>\n","protected":false},"author":1,"featured_media":0,"parent":2,"menu_order":7,"comment_status":"closed","ping_status":"closed","template":"","meta":{"footnotes":""},"class_list":["post-101","page","type-page","status-publish","hentry"],"_links":{"self":[{"href":"http:\/\/www.colditz-kosmetik.de\/index.php?rest_route=\/wp\/v2\/pages\/101","targetHints":{"allow":["GET"]}}],"collection":[{"href":"http:\/\/www.colditz-kosmetik.de\/index.php?rest_route=\/wp\/v2\/pages"}],"about":[{"href":"http:\/\/www.colditz-kosmetik.de\/index.php?rest_route=\/wp\/v2\/types\/page"}],"author":[{"embeddable":true,"href":"http:\/\/www.colditz-kosmetik.de\/index.php?rest_route=\/wp\/v2\/users\/1"}],"replies":[{"embeddable":true,"href":"http:\/\/www.colditz-kosmetik.de\/index.php?rest_route=%2Fwp%2Fv2%2Fcomments&post=101"}],"version-history":[{"count":17,"href":"http:\/\/www.colditz-kosmetik.de\/index.php?rest_route=\/wp\/v2\/pages\/101\/revisions"}],"predecessor-version":[{"id":468,"href":"http:\/\/www.colditz-kosmetik.de\/index.php?rest_route=\/wp\/v2\/pages\/101\/revisions\/468"}],"up":[{"embeddable":true,"href":"http:\/\/www.colditz-kosmetik.de\/index.php?rest_route=\/wp\/v2\/pages\/2"}],"wp:attachment":[{"href":"http:\/\/www.colditz-kosmetik.de\/index.php?rest_route=%2Fwp%2Fv2%2Fmedia&parent=101"}],"curies":[{"name":"wp","href":"https:\/\/api.w.org\/{rel}","templated":true}]}}